{"id":167,"date":"2026-02-16T22:35:44","date_gmt":"2026-02-16T22:35:44","guid":{"rendered":"https:\/\/maga-aid.org\/?page_id=167"},"modified":"2026-02-19T12:15:54","modified_gmt":"2026-02-19T12:15:54","slug":"qui-sommes-nous","status":"publish","type":"page","link":"https:\/\/maga-aid.org\/?page_id=167&lang=fr","title":{"rendered":"QUI SOMMES-NOUS ?"},"content":{"rendered":"\n<h2 class=\"wp-block-heading\">Notre Mission<\/h2>\n\n\n<style>.wp-block-kadence-column.kb-section-dir-horizontal > .kt-inside-inner-col > .kt-info-box167_17a0d3-76 .kt-blocks-info-box-link-wrap{max-width:unset;}.kt-info-box167_17a0d3-76 .kt-blocks-info-box-link-wrap{padding-top:var(--global-kb-spacing-xs, 1rem);padding-right:var(--global-kb-spacing-xs, 1rem);padding-bottom:var(--global-kb-spacing-xs, 1rem);padding-left:var(--global-kb-spacing-xs, 1rem);}.kt-info-box167_17a0d3-76 .kadence-info-box-icon-container .kt-info-svg-icon, .kt-info-box167_17a0d3-76 .kt-info-svg-icon-flip, .kt-info-box167_17a0d3-76 .kt-blocks-info-box-number{font-size:50px;}.kt-info-box167_17a0d3-76 .kt-blocks-info-box-media{border-top-width:0px;border-right-width:0px;border-bottom-width:0px;border-left-width:0px;padding-top:10px;padding-right:10px;padding-bottom:10px;padding-left:10px;}.kt-info-box167_17a0d3-76 .kt-blocks-info-box-media-container{margin-top:0px;margin-right:15px;margin-bottom:0px;margin-left:15px;}.kt-info-box167_17a0d3-76 .kt-blocks-info-box-learnmore{background:transparent;border-width:0px 0px 0px 0px;padding-top:4px;padding-right:8px;padding-bottom:4px;padding-left:8px;margin-top:10px;margin-right:0px;margin-bottom:10px;margin-left:0px;}<\/style>\n<div class=\"wp-block-kadence-infobox kt-info-box167_17a0d3-76\"><a class=\"kt-blocks-info-box-link-wrap info-box-link kt-blocks-info-box-media-align-top kt-info-halign-center\" href=\"https:\/\/maga-aid.org\/?page_id=304&amp;lang=fr\" aria-label=\"Notre mission\"><div class=\"kt-blocks-info-box-media-container\"><div class=\"kt-blocks-info-box-media kt-info-media-animate-none\"><div class=\"kadence-info-box-icon-container kt-info-icon-animate-none\"><div class=\"kadence-info-box-icon-inner-container\"><span class=\"kb-svg-icon-wrap kb-svg-icon-fe_compass kt-info-svg-icon\"><svg viewBox=\"0 0 24 24\"  fill=\"none\" stroke=\"currentColor\" stroke-width=\"2\" stroke-linecap=\"round\" stroke-linejoin=\"round\" xmlns=\"http:\/\/www.w3.org\/2000\/svg\"  aria-hidden=\"true\"><circle cx=\"12\" cy=\"12\" r=\"10\"\/><polygon points=\"16.24 7.76 14.12 14.12 7.76 16.24 9.88 9.88 16.24 7.76\"\/><\/svg><\/span><\/div><\/div><\/div><\/div><div class=\"kt-infobox-textcontent\"><h2 class=\"kt-blocks-info-box-title\">L&#8217;Ing\u00e9nierie de l&#8217;Urgence<\/h2><p class=\"kt-blocks-info-box-text\">Nous ne faisons pas que de l&#8217;aide, nous apportons des solutions techniques. D\u00e9couvrez comment nous comblons le foss\u00e9 entre l&#8217;urgence humanitaire et le d\u00e9veloppement durable gr\u00e2ce \u00e0 nos 4 piliers d&#8217;expertise.<\/p><\/div><\/a><\/div>\n\n\n\n<h2 class=\"wp-block-heading\">Notre Vision<\/h2>\n\n\n<style>.wp-block-kadence-column.kb-section-dir-horizontal > .kt-inside-inner-col > .kt-info-box167_a0c813-43 .kt-blocks-info-box-link-wrap{max-width:unset;}.kt-info-box167_a0c813-43 .kt-blocks-info-box-link-wrap{padding-top:var(--global-kb-spacing-xs, 1rem);padding-right:var(--global-kb-spacing-xs, 1rem);padding-bottom:var(--global-kb-spacing-xs, 1rem);padding-left:var(--global-kb-spacing-xs, 1rem);}.kt-info-box167_a0c813-43 .kadence-info-box-icon-container .kt-info-svg-icon, .kt-info-box167_a0c813-43 .kt-info-svg-icon-flip, .kt-info-box167_a0c813-43 .kt-blocks-info-box-number{font-size:50px;}.kt-info-box167_a0c813-43 .kt-blocks-info-box-media{border-top-width:0px;border-right-width:0px;border-bottom-width:0px;border-left-width:0px;padding-top:10px;padding-right:10px;padding-bottom:10px;padding-left:10px;}.kt-info-box167_a0c813-43 .kt-blocks-info-box-media-container{margin-top:0px;margin-right:15px;margin-bottom:0px;margin-left:15px;}.kt-info-box167_a0c813-43 .kt-blocks-info-box-learnmore{background:transparent;border-width:0px 0px 0px 0px;padding-top:4px;padding-right:8px;padding-bottom:4px;padding-left:8px;margin-top:10px;margin-right:0px;margin-bottom:10px;margin-left:0px;}<\/style>\n<div class=\"wp-block-kadence-infobox kt-info-box167_a0c813-43\"><a class=\"kt-blocks-info-box-link-wrap info-box-link kt-blocks-info-box-media-align-top kt-info-halign-center\" href=\"https:\/\/maga-aid.org\/?page_id=317&amp;lang=fr\" aria-label=\"Notre Vision\"><div class=\"kt-blocks-info-box-media-container\"><div class=\"kt-blocks-info-box-media kt-info-media-animate-none\"><div class=\"kadence-info-box-icon-container kt-info-icon-animate-none\"><div class=\"kadence-info-box-icon-inner-container\"><span class=\"kb-svg-icon-wrap kb-svg-icon-fe_aperture kt-info-svg-icon\"><svg viewBox=\"0 0 24 24\"  fill=\"none\" stroke=\"currentColor\" stroke-width=\"2\" stroke-linecap=\"round\" stroke-linejoin=\"round\" xmlns=\"http:\/\/www.w3.org\/2000\/svg\"  aria-hidden=\"true\"><circle cx=\"12\" cy=\"12\" r=\"10\"\/><line x1=\"14.31\" y1=\"8\" x2=\"20.05\" y2=\"17.94\"\/><line x1=\"9.69\" y1=\"8\" x2=\"21.17\" y2=\"8\"\/><line x1=\"7.38\" y1=\"12\" x2=\"13.12\" y2=\"2.06\"\/><line x1=\"9.69\" y1=\"16\" x2=\"3.95\" y2=\"6.06\"\/><line x1=\"14.31\" y1=\"16\" x2=\"2.83\" y2=\"16\"\/><line x1=\"16.62\" y1=\"12\" x2=\"10.88\" y2=\"21.94\"\/><\/svg><\/span><\/div><\/div><\/div><\/div><div class=\"kt-infobox-textcontent\"><h2 class=\"kt-blocks-info-box-title\">Vers l&#8217;Autonomie Totale<\/h2><p class=\"kt-blocks-info-box-text\">Notre objectif ultime est de devenir inutiles. Nous travaillons pour un monde o\u00f9 chaque communaut\u00e9 poss\u00e8de les comp\u00e9tences et les infrastructures pour faire face aux crises en toute ind\u00e9pendance..<\/p><\/div><\/a><\/div>\n\n\n\n<h2 class=\"wp-block-heading\">Nos Communaut\u00e9s Fortes<\/h2>\n\n\n<style>.wp-block-kadence-column.kb-section-dir-horizontal > .kt-inside-inner-col > .kt-info-box167_0f6346-87 .kt-blocks-info-box-link-wrap{max-width:unset;}.kt-info-box167_0f6346-87 .kt-blocks-info-box-link-wrap{padding-top:var(--global-kb-spacing-xs, 1rem);padding-right:var(--global-kb-spacing-xs, 1rem);padding-bottom:var(--global-kb-spacing-xs, 1rem);padding-left:var(--global-kb-spacing-xs, 1rem);}.kt-info-box167_0f6346-87 .kadence-info-box-icon-container .kt-info-svg-icon, .kt-info-box167_0f6346-87 .kt-info-svg-icon-flip, .kt-info-box167_0f6346-87 .kt-blocks-info-box-number{font-size:50px;}.kt-info-box167_0f6346-87 .kt-blocks-info-box-media{border-top-width:0px;border-right-width:0px;border-bottom-width:0px;border-left-width:0px;padding-top:10px;padding-right:10px;padding-bottom:10px;padding-left:10px;}.kt-info-box167_0f6346-87 .kt-blocks-info-box-media-container{margin-top:0px;margin-right:15px;margin-bottom:0px;margin-left:15px;}.kt-info-box167_0f6346-87 .kt-blocks-info-box-learnmore{background:transparent;border-width:0px 0px 0px 0px;padding-top:4px;padding-right:8px;padding-bottom:4px;padding-left:8px;margin-top:10px;margin-right:0px;margin-bottom:10px;margin-left:0px;}<\/style>\n<div class=\"wp-block-kadence-infobox kt-info-box167_0f6346-87\"><a class=\"kt-blocks-info-box-link-wrap info-box-link kt-blocks-info-box-media-align-top kt-info-halign-center\" href=\"https:\/\/maga-aid.org\/?page_id=327&amp;lang=fr\" aria-label=\"Our strong communities\"><div class=\"kt-blocks-info-box-media-container\"><div class=\"kt-blocks-info-box-media kt-info-media-animate-none\"><div class=\"kadence-info-box-icon-container kt-info-icon-animate-none\"><div class=\"kadence-info-box-icon-inner-container\"><span class=\"kb-svg-icon-wrap kb-svg-icon-fe_users kt-info-svg-icon\"><svg viewBox=\"0 0 24 24\"  fill=\"none\" stroke=\"currentColor\" stroke-width=\"2\" stroke-linecap=\"round\" stroke-linejoin=\"round\" xmlns=\"http:\/\/www.w3.org\/2000\/svg\"  aria-hidden=\"true\"><path d=\"M17 21v-2a4 4 0 0 0-4-4H5a4 4 0 0 0-4 4v2\"\/><circle cx=\"9\" cy=\"7\" r=\"4\"\/><path d=\"M23 21v-2a4 4 0 0 0-3-3.87\"\/><path d=\"M16 3.13a4 4 0 0 1 0 7.75\"\/><\/svg><\/span><\/div><\/div><\/div><\/div><div class=\"kt-infobox-textcontent\"><h2 class=\"kt-blocks-info-box-title\">Des Partenaires, pas des B\u00e9n\u00e9ficiaires<\/h2><p class=\"kt-blocks-info-box-text\">La technologie n&#8217;est rien sans les humains. Nous formons des comit\u00e9s locaux et certifions des techniciens villageois pour garantir que nos infrastructures durent des d\u00e9cennies, pas des mois.<\/p><\/div><\/a><\/div>\n\n\n\n<h2 class=\"wp-block-heading\">Notre Impact<\/h2>\n\n\n<style>.wp-block-kadence-column.kb-section-dir-horizontal > .kt-inside-inner-col > .kt-info-box167_9a3f20-b5 .kt-blocks-info-box-link-wrap{max-width:unset;}.kt-info-box167_9a3f20-b5 .kt-blocks-info-box-link-wrap{padding-top:var(--global-kb-spacing-xs, 1rem);padding-right:var(--global-kb-spacing-xs, 1rem);padding-bottom:var(--global-kb-spacing-xs, 1rem);padding-left:var(--global-kb-spacing-xs, 1rem);}.kt-info-box167_9a3f20-b5 .kadence-info-box-icon-container .kt-info-svg-icon, .kt-info-box167_9a3f20-b5 .kt-info-svg-icon-flip, .kt-info-box167_9a3f20-b5 .kt-blocks-info-box-number{font-size:50px;}.kt-info-box167_9a3f20-b5 .kt-blocks-info-box-media{border-top-width:0px;border-right-width:0px;border-bottom-width:0px;border-left-width:0px;padding-top:10px;padding-right:10px;padding-bottom:10px;padding-left:10px;}.kt-info-box167_9a3f20-b5 .kt-blocks-info-box-media-container{margin-top:0px;margin-right:15px;margin-bottom:0px;margin-left:15px;}.kt-info-box167_9a3f20-b5 .kt-blocks-info-box-learnmore{background:transparent;border-width:0px 0px 0px 0px;padding-top:4px;padding-right:8px;padding-bottom:4px;padding-left:8px;margin-top:10px;margin-right:0px;margin-bottom:10px;margin-left:0px;}<\/style>\n<div class=\"wp-block-kadence-infobox kt-info-box167_9a3f20-b5\"><a class=\"kt-blocks-info-box-link-wrap info-box-link kt-blocks-info-box-media-align-top kt-info-halign-center\" href=\"https:\/\/maga-aid.org\/?page_id=338&amp;lang=fr\" aria-label=\"Notre Impact\"><div class=\"kt-blocks-info-box-media-container\"><div class=\"kt-blocks-info-box-media kt-info-media-animate-none\"><div class=\"kadence-info-box-icon-container kt-info-icon-animate-none\"><div class=\"kadence-info-box-icon-inner-container\"><span class=\"kb-svg-icon-wrap kb-svg-icon-fe_check kt-info-svg-icon\"><svg viewBox=\"0 0 24 24\"  fill=\"none\" stroke=\"currentColor\" stroke-width=\"2\" stroke-linecap=\"round\" stroke-linejoin=\"round\" xmlns=\"http:\/\/www.w3.org\/2000\/svg\"  aria-hidden=\"true\"><polyline points=\"20 6 9 17 4 12\"\/><\/svg><\/span><\/div><\/div><\/div><\/div><div class=\"kt-infobox-textcontent\"><h2 class=\"kt-blocks-info-box-title\">La Transparence par la Data<\/h2><p class=\"kt-blocks-info-box-text\">Nous mesurons notre efficacit\u00e9 au litre d&#8217;eau pr\u00e8s. D\u00e9couvrez nos indicateurs de performance (KPIs), notre monitoring IoT en temps r\u00e9el et notre contribution aux ODD de l&#8217;ONU.<\/p><\/div><\/a><\/div>\n\n\n\n<h2 class=\"wp-block-heading\">Notre Port\u00e9e<\/h2>\n\n\n<style>.wp-block-kadence-column.kb-section-dir-horizontal > .kt-inside-inner-col > .kt-info-box167_772620-ab .kt-blocks-info-box-link-wrap{max-width:unset;}.kt-info-box167_772620-ab .kt-blocks-info-box-link-wrap{padding-top:var(--global-kb-spacing-xs, 1rem);padding-right:var(--global-kb-spacing-xs, 1rem);padding-bottom:var(--global-kb-spacing-xs, 1rem);padding-left:var(--global-kb-spacing-xs, 1rem);}.kt-info-box167_772620-ab .kadence-info-box-icon-container .kt-info-svg-icon, .kt-info-box167_772620-ab .kt-info-svg-icon-flip, .kt-info-box167_772620-ab .kt-blocks-info-box-number{font-size:50px;}.kt-info-box167_772620-ab .kt-blocks-info-box-media{border-top-width:0px;border-right-width:0px;border-bottom-width:0px;border-left-width:0px;padding-top:10px;padding-right:10px;padding-bottom:10px;padding-left:10px;}.kt-info-box167_772620-ab .kt-blocks-info-box-media-container{margin-top:0px;margin-right:15px;margin-bottom:0px;margin-left:15px;}.kt-info-box167_772620-ab .kt-blocks-info-box-learnmore{background:transparent;border-width:0px 0px 0px 0px;padding-top:4px;padding-right:8px;padding-bottom:4px;padding-left:8px;margin-top:10px;margin-right:0px;margin-bottom:10px;margin-left:0px;}<\/style>\n<div class=\"wp-block-kadence-infobox kt-info-box167_772620-ab\"><a class=\"kt-blocks-info-box-link-wrap info-box-link kt-blocks-info-box-media-align-top kt-info-halign-center\" href=\"https:\/\/maga-aid.org\/?page_id=346&amp;lang=fr\" aria-label=\"Notre Port\u00e9e\"><div class=\"kt-blocks-info-box-media-container\"><div class=\"kt-blocks-info-box-media kt-info-media-animate-none\"><div class=\"kadence-info-box-icon-container kt-info-icon-animate-none\"><div class=\"kadence-info-box-icon-inner-container\"><span class=\"kb-svg-icon-wrap kb-svg-icon-fe_send kt-info-svg-icon\"><svg viewBox=\"0 0 24 24\"  fill=\"none\" stroke=\"currentColor\" stroke-width=\"2\" stroke-linecap=\"round\" stroke-linejoin=\"round\" xmlns=\"http:\/\/www.w3.org\/2000\/svg\"  aria-hidden=\"true\"><line x1=\"22\" y1=\"2\" x2=\"11\" y2=\"13\"\/><polygon points=\"22 2 15 22 11 13 2 9 22 2\"\/><\/svg><\/span><\/div><\/div><\/div><\/div><div class=\"kt-infobox-textcontent\"><h2 class=\"kt-blocks-info-box-title\">Logistique Globale<\/h2><p class=\"kt-blocks-info-box-text\">De nos hubs \u00e0 Duba\u00ef et Panama jusqu&#8217;au &#8220;dernier kilom\u00e8tre&#8221; inaccessible. Explorez notre cha\u00eene d&#8217;approvisionnement agile capable de d\u00e9ployer des h\u00f4pitaux de campagne en moins de 48h.<\/p><\/div><\/a><\/div>\n\n\n\n<h2 class=\"wp-block-heading\">Notre Histoire<\/h2>\n\n\n<style>.wp-block-kadence-column.kb-section-dir-horizontal > .kt-inside-inner-col > .kt-info-box167_5c85b7-bc .kt-blocks-info-box-link-wrap{max-width:unset;}.kt-info-box167_5c85b7-bc .kt-blocks-info-box-link-wrap{padding-top:var(--global-kb-spacing-xs, 1rem);padding-right:var(--global-kb-spacing-xs, 1rem);padding-bottom:var(--global-kb-spacing-xs, 1rem);padding-left:var(--global-kb-spacing-xs, 1rem);}.kt-info-box167_5c85b7-bc .kadence-info-box-icon-container .kt-info-svg-icon, .kt-info-box167_5c85b7-bc .kt-info-svg-icon-flip, .kt-info-box167_5c85b7-bc .kt-blocks-info-box-number{font-size:50px;}.kt-info-box167_5c85b7-bc .kt-blocks-info-box-media{border-top-width:0px;border-right-width:0px;border-bottom-width:0px;border-left-width:0px;padding-top:10px;padding-right:10px;padding-bottom:10px;padding-left:10px;}.kt-info-box167_5c85b7-bc .kt-blocks-info-box-media-container{margin-top:0px;margin-right:15px;margin-bottom:0px;margin-left:15px;}.kt-info-box167_5c85b7-bc .kt-blocks-info-box-learnmore{background:transparent;border-width:0px 0px 0px 0px;padding-top:4px;padding-right:8px;padding-bottom:4px;padding-left:8px;margin-top:10px;margin-right:0px;margin-bottom:10px;margin-left:0px;}<\/style>\n<div class=\"wp-block-kadence-infobox kt-info-box167_5c85b7-bc\"><a class=\"kt-blocks-info-box-link-wrap info-box-link kt-blocks-info-box-media-align-top kt-info-halign-center\" href=\"https:\/\/maga-aid.org\/?page_id=352&amp;lang=fr\" aria-label=\"Notre Histoire\"><div class=\"kt-blocks-info-box-media-container\"><div class=\"kt-blocks-info-box-media kt-info-media-animate-none\"><div class=\"kadence-info-box-icon-container kt-info-icon-animate-none\"><div class=\"kadence-info-box-icon-inner-container\"><span class=\"kb-svg-icon-wrap kb-svg-icon-fas_history kt-info-svg-icon\"><svg viewBox=\"0 0 512 512\"  fill=\"currentColor\" xmlns=\"http:\/\/www.w3.org\/2000\/svg\"  aria-hidden=\"true\"><path d=\"M504 255.531c.253 136.64-111.18 248.372-247.82 248.468-59.015.042-113.223-20.53-155.822-54.911-11.077-8.94-11.905-25.541-1.839-35.607l11.267-11.267c8.609-8.609 22.353-9.551 31.891-1.984C173.062 425.135 212.781 440 256 440c101.705 0 184-82.311 184-184 0-101.705-82.311-184-184-184-48.814 0-93.149 18.969-126.068 49.932l50.754 50.754c10.08 10.08 2.941 27.314-11.313 27.314H24c-8.837 0-16-7.163-16-16V38.627c0-14.254 17.234-21.393 27.314-11.314l49.372 49.372C129.209 34.136 189.552 8 256 8c136.81 0 247.747 110.78 248 247.531zm-180.912 78.784l9.823-12.63c8.138-10.463 6.253-25.542-4.21-33.679L288 256.349V152c0-13.255-10.745-24-24-24h-16c-13.255 0-24 10.745-24 24v135.651l65.409 50.874c10.463 8.137 25.541 6.253 33.679-4.21z\"\/><\/svg><\/span><\/div><\/div><\/div><\/div><div class=\"kt-infobox-textcontent\"><h2 class=\"kt-blocks-info-box-title\">Du Projet \u00c9tudiant \u00e0 l&#8217;ONG<\/h2><p class=\"kt-blocks-info-box-text\">Tout a commenc\u00e9 en 2014 dans un amphith\u00e9\u00e2tre d&#8217;\u00e9cole d&#8217;ing\u00e9nieurs. Retracez le parcours de MAGA, d&#8217;une simple th\u00e8se universitaire \u00e0 une organisation internationale certifi\u00e9e ISO 9001.<\/p><\/div><\/a><\/div>\n","protected":false},"excerpt":{"rendered":"<p>Notre Mission Notre Vision Nos Communaut\u00e9s Fortes Notre Impact Notre Port\u00e9e Notre Histoire<\/p>\n","protected":false},"author":1,"featured_media":0,"parent":0,"menu_order":0,"comment_status":"closed","ping_status":"closed","template":"","meta":{"_kad_post_transparent":"","_kad_post_title":"","_kad_post_layout":"","_kad_post_sidebar_id":"","_kad_post_content_style":"","_kad_post_vertical_padding":"","_kad_post_feature":"","_kad_post_feature_position":"","_kad_post_header":false,"_kad_post_footer":false,"_kad_post_classname":"","footnotes":""},"class_list":["post-167","page","type-page","status-publish","hentry"],"_links":{"self":[{"href":"https:\/\/maga-aid.org\/index.php?rest_route=\/wp\/v2\/pages\/167","targetHints":{"allow":["GET"]}}],"collection":[{"href":"https:\/\/maga-aid.org\/index.php?rest_route=\/wp\/v2\/pages"}],"about":[{"href":"https:\/\/maga-aid.org\/index.php?rest_route=\/wp\/v2\/types\/page"}],"author":[{"embeddable":true,"href":"https:\/\/maga-aid.org\/index.php?rest_route=\/wp\/v2\/users\/1"}],"replies":[{"embeddable":true,"href":"https:\/\/maga-aid.org\/index.php?rest_route=%2Fwp%2Fv2%2Fcomments&post=167"}],"version-history":[{"count":4,"href":"https:\/\/maga-aid.org\/index.php?rest_route=\/wp\/v2\/pages\/167\/revisions"}],"predecessor-version":[{"id":397,"href":"https:\/\/maga-aid.org\/index.php?rest_route=\/wp\/v2\/pages\/167\/revisions\/397"}],"wp:attachment":[{"href":"https:\/\/maga-aid.org\/index.php?rest_route=%2Fwp%2Fv2%2Fmedia&parent=167"}],"curies":[{"name":"wp","href":"https:\/\/api.w.org\/{rel}","templated":true}]}}