{"id":352,"date":"2026-02-18T15:43:32","date_gmt":"2026-02-18T15:43:32","guid":{"rendered":"https:\/\/maga-aid.org\/?page_id=352"},"modified":"2026-02-18T15:43:33","modified_gmt":"2026-02-18T15:43:33","slug":"notre-histoire","status":"publish","type":"page","link":"https:\/\/maga-aid.org\/?page_id=352&lang=fr","title":{"rendered":"Notre Histoire"},"content":{"rendered":"\n<h2 class=\"wp-block-heading\">Du Projet \u00c9tudiant \u00e0 l&#8217;ONG Internationale<\/h2>\n\n\n\n<p><strong>\ud83d\udcc5 2014 : La Gen\u00e8se<\/strong><\/p>\n\n\n\n<p><strong>L&#8217;Amphi B et la Mousson<\/strong><\/p>\n\n\n\n<p>Tout commence dans une \u00e9cole d&#8217;ing\u00e9nieurs, suite aux inondations catastrophiques en Asie du Sud. Un groupe de 5 \u00e9tudiants en Master de G\u00e9nie Civil constate que l&#8217;aide arrive, mais que les abris d&#8217;urgence s&#8217;effondrent sous les pluies continues. Ils d\u00e9cident de consacrer leur projet de fin d&#8217;\u00e9tudes \u00e0 une question : <em>&#8220;Comment concevoir un abri modulaire, transportable \u00e0 dos d&#8217;homme, et r\u00e9sistant aux typhons ?&#8221;<\/em> MAGA (Making Action for Global Aid) est n\u00e9e sur le papier.<\/p>\n\n\n\n<p><strong>\ud83d\udcc5 2016 : Le Premier Prototype<\/strong><\/p>\n\n\n\n<p><strong>Le Bapt\u00eame du Feu au N\u00e9pal<\/strong><\/p>\n\n\n\n<p>Apr\u00e8s deux ans de R&amp;D dans le garage de l&#8217;un des fondateurs, l&#8217;\u00e9quipe part au N\u00e9pal avec le prototype &#8220;Shelter-V1&#8221;. Sur le terrain, la r\u00e9alit\u00e9 frappe : le prototype est trop complexe \u00e0 monter pour les villageois non form\u00e9s. L&#8217;\u00e9quipe pivote. Au lieu d&#8217;importer la technologie, ils adaptent les mat\u00e9riaux locaux (bambou et pierre) en y ajoutant des connecteurs imprim\u00e9s en 3D. C&#8217;est la naissance de notre philosophie &#8220;Low-Tech&#8221;.<\/p>\n\n\n\n<p>\ud83d\udcc5<strong> 2019 : La Professionnalisation<\/strong><\/p>\n\n\n\n<p><strong>L&#8217;\u00c8re de la Data<\/strong><\/p>\n\n\n\n<p>MAGA ne peut plus se g\u00e9rer comme une association de copains. L&#8217;organisation recrute ses premiers directeurs logistiques issus de l&#8217;industrie automobile. Nous int\u00e9grons la gestion de donn\u00e9es (Big Data) pour pr\u00e9dire les besoins. En 2019, MAGA obtient sa certification ISO 9001 pour la qualit\u00e9 de ses processus de distribution d&#8217;eau. Nous passons de 50 \u00e0 500 b\u00e9n\u00e9voles techniques.<\/p>\n\n\n\n<p>\ud83d\udcc5 <strong>2026 : Aujourd&#8217;hui<\/strong><\/p>\n\n\n\n<p><strong>Une R\u00e9f\u00e9rence Technique<\/strong> Aujourd&#8217;hui, MAGA est sollicit\u00e9e par les gouvernements non seulement pour agir, mais pour conseiller. Nous ne sommes plus seulement des constructeurs, nous sommes des formateurs. Avec l&#8217;ouverture de notre p\u00f4le &#8220;Biom\u00e9dical&#8221;, nous couvrons d\u00e9sormais la cha\u00eene compl\u00e8te de la survie : Eau, Toit, \u00c9nergie, Sant\u00e9. L&#8217;esprit \u00e9tudiant est toujours l\u00e0 : nous continuons d&#8217;apprendre chaque jour.<\/p>\n","protected":false},"excerpt":{"rendered":"<p>Du Projet \u00c9tudiant \u00e0 l&#8217;ONG Internationale \ud83d\udcc5 2014 : La Gen\u00e8se L&#8217;Amphi B et la Mousson Tout commence dans une \u00e9cole d&#8217;ing\u00e9nieurs, suite aux inondations catastrophiques en Asie du Sud. Un groupe de 5 \u00e9tudiants en Master de G\u00e9nie Civil constate que l&#8217;aide arrive, mais que les abris d&#8217;urgence s&#8217;effondrent sous les pluies continues. Ils&#8230;<\/p>\n","protected":false},"author":1,"featured_media":0,"parent":0,"menu_order":0,"comment_status":"closed","ping_status":"closed","template":"","meta":{"_kad_post_transparent":"","_kad_post_title":"","_kad_post_layout":"","_kad_post_sidebar_id":"","_kad_post_content_style":"","_kad_post_vertical_padding":"","_kad_post_feature":"","_kad_post_feature_position":"","_kad_post_header":false,"_kad_post_footer":false,"_kad_post_classname":"","footnotes":""},"class_list":["post-352","page","type-page","status-publish","hentry"],"_links":{"self":[{"href":"https:\/\/maga-aid.org\/index.php?rest_route=\/wp\/v2\/pages\/352","targetHints":{"allow":["GET"]}}],"collection":[{"href":"https:\/\/maga-aid.org\/index.php?rest_route=\/wp\/v2\/pages"}],"about":[{"href":"https:\/\/maga-aid.org\/index.php?rest_route=\/wp\/v2\/types\/page"}],"author":[{"embeddable":true,"href":"https:\/\/maga-aid.org\/index.php?rest_route=\/wp\/v2\/users\/1"}],"replies":[{"embeddable":true,"href":"https:\/\/maga-aid.org\/index.php?rest_route=%2Fwp%2Fv2%2Fcomments&post=352"}],"version-history":[{"count":1,"href":"https:\/\/maga-aid.org\/index.php?rest_route=\/wp\/v2\/pages\/352\/revisions"}],"predecessor-version":[{"id":355,"href":"https:\/\/maga-aid.org\/index.php?rest_route=\/wp\/v2\/pages\/352\/revisions\/355"}],"wp:attachment":[{"href":"https:\/\/maga-aid.org\/index.php?rest_route=%2Fwp%2Fv2%2Fmedia&parent=352"}],"curies":[{"name":"wp","href":"https:\/\/api.w.org\/{rel}","templated":true}]}}